{"id":10848,"date":"2024-04-17T10:38:04","date_gmt":"2024-04-17T10:38:04","guid":{"rendered":"https:\/\/clientesmcbs.com\/gwic\/?page_id=10848"},"modified":"2024-10-14T14:21:16","modified_gmt":"2024-10-14T14:21:16","slug":"politica-de-privacidad","status":"publish","type":"page","link":"https:\/\/www.gwicgroup.com\/es\/politica-de-privacidad\/","title":{"rendered":"Pol\u00edtica de Privacidad y Protecci\u00f3n de Datos Personales"},"content":{"rendered":"\t\t<div data-elementor-type=\"wp-page\" data-elementor-id=\"10848\" class=\"elementor elementor-10848 elementor-5052\" data-elementor-post-type=\"page\">\n\t\t\t\t<div class=\"elementor-element elementor-element-237972fb e-con-full e-flex wpr-particle-no wpr-jarallax-no wpr-parallax-no wpr-sticky-section-no wpr-equal-height-no e-con e-parent\" data-id=\"237972fb\" data-element_type=\"container\" data-e-type=\"container\" data-settings=\"{&quot;background_background&quot;:&quot;classic&quot;}\">\n\t\t\t\t<\/div>\n\t\t<div class=\"elementor-element elementor-element-b274004 e-flex e-con-boxed wpr-particle-no wpr-jarallax-no wpr-parallax-no wpr-sticky-section-no wpr-equal-height-no e-con e-parent\" data-id=\"b274004\" data-element_type=\"container\" data-e-type=\"container\">\n\t\t\t\t\t<div class=\"e-con-inner\">\n\t\t\t\t<div class=\"elementor-element elementor-element-179c927 elementor-widget elementor-widget-heading\" data-id=\"179c927\" data-element_type=\"widget\" data-e-type=\"widget\" data-widget_type=\"heading.default\">\n\t\t\t\t\t<h1 class=\"elementor-heading-title elementor-size-default\">Pol\u00edtica de Privacidade<\/h1>\t\t\t\t<\/div>\n\t\t\t\t<div class=\"elementor-element elementor-element-3b3ed5b elementor-widget elementor-widget-text-editor\" data-id=\"3b3ed5b\" data-element_type=\"widget\" data-e-type=\"widget\" data-widget_type=\"text-editor.default\">\n\t\t\t\t\t\t\t\t\t<p>Reflejando su visi\u00f3n y alineada con el objetivo de actuar responsablemente en la comunidad en la que opera y en sus relaciones con clientes, proveedores, prestadores de servicios y empleados, la protecci\u00f3n de la privacidad y de los datos personales y su tratamiento transparente y justo son valores esenciales para GWIC.<\/p>\n<p>Por esta raz\u00f3n, GWIC trata los datos personales bas\u00e1ndose en los siguientes principios:<\/p>\n<ul>\n<li>Los datos personales son tratados de manera l\u00edcita, justa y transparente;<\/li>\n<li>La recolecci\u00f3n de datos solo se realiza para fines debidamente determinados, expl\u00edcitos y leg\u00edtimos de acuerdo con la legislaci\u00f3n aplicable;<\/li>\n<li>Los datos recogidos se limitan a lo estrictamente necesario y por el tiempo necesario para los fines para los que se tratan;<\/li>\n<li>Solo tienen acceso a los datos personales los empleados, colaboradores y socios de GWIC cuyas funciones lo requieran;<\/li>\n<li>Los datos personales se tratan de manera confidencial.<\/li>\n<\/ul>\n<p><strong>Datos Personales<\/strong><\/p>\n<p>De acuerdo con la legislaci\u00f3n de protecci\u00f3n de datos, los datos personales se refieren a cualquier informaci\u00f3n relacionada con una persona f\u00edsica identificada o identificable (el titular de los datos). Se considera identificable una persona f\u00edsica que pueda ser identificada directa o indirectamente, en particular mediante referencia a un identificador, como un nombre, un n\u00famero de identificaci\u00f3n, datos de ubicaci\u00f3n, identificadores electr\u00f3nicos, o uno o m\u00e1s elementos espec\u00edficos de la identidad f\u00edsica, fisiol\u00f3gica, gen\u00e9tica, mental, econ\u00f3mica, cultural o social de esa persona.<\/p>\n<p><strong>Responsable del Tratamiento<\/strong><\/p>\n<p>El responsable del tratamiento de los datos personales es GWIC, con quien los titulares de los datos est\u00e1n relacionados.<\/p>\n<p><strong>Condiciones para el Tratamiento<\/strong><\/p>\n<p>GWIC solo proceder\u00e1 al tratamiento de datos personales si se verifica una de las condiciones estipuladas en la legislaci\u00f3n sobre protecci\u00f3n de datos, a saber:<\/p>\n<ul>\n<li>Si el titular de los datos ha dado su consentimiento previo e informado para el tratamiento de sus datos personales;<\/li>\n<li>Si el tratamiento de los datos personales es necesario para la ejecuci\u00f3n de un contrato en el cual el titular de los datos es parte o para diligencias precontractuales a solicitud del titular de los datos;<\/li>\n<li>Cuando el tratamiento sea necesario para el cumplimiento de una obligaci\u00f3n legal a la que est\u00e9 sujeta GWIC;<\/li>\n<li>Si el tratamiento es necesario para garantizar intereses leg\u00edtimos de GWIC.<\/li>\n<\/ul>\n<p><strong>Plazo de Conservaci\u00f3n de los Datos Personales<\/strong><\/p>\n<p>De acuerdo con los principios mencionados anteriormente, los datos personales tratados por GWIC se conservar\u00e1n durante el tiempo estrictamente necesario para los fines para los cuales fueron recogidos. La determinaci\u00f3n de estos plazos se realiza bas\u00e1ndose en criterios de retenci\u00f3n de informaci\u00f3n apropiados para cada tratamiento, respetando las obligaciones legales y reglamentarias que pesan sobre GWIC.<\/p>\n<p><strong>Derechos de los Titulares de los Datos Personales<\/strong><\/p>\n<p>GWIC asegura que el titular de los datos pueda ejercer los derechos que le confiere la legislaci\u00f3n sobre la protecci\u00f3n de datos, a saber:<\/p>\n<ul>\n<li><strong>Derecho de acceso<\/strong> (el titular de los datos puede obtener confirmaci\u00f3n de si sus datos personales est\u00e1n siendo tratados y acceder a la informaci\u00f3n sobre los mismos);<\/li>\n<li><strong>Derecho de rectificaci\u00f3n<\/strong> (el titular de los datos puede solicitar la rectificaci\u00f3n o la actualizaci\u00f3n de sus datos personales);<\/li>\n<li><strong>Derecho de borrado<\/strong> (el titular de los datos puede solicitar la eliminaci\u00f3n de sus datos personales en ciertas situaciones: si los datos ya no son necesarios para el prop\u00f3sito para el cual fueron recogidos, si el titular retira su consentimiento, si el titular se opone al tratamiento, si los datos han sido tratados de manera il\u00edcita, si deben ser borrados por una obligaci\u00f3n legal o si fueron recogidos en el contexto de la oferta de servicios de la sociedad de la informaci\u00f3n);<\/li>\n<li><strong>Derecho a la limitaci\u00f3n del tratamiento<\/strong> (el titular de los datos puede solicitar la limitaci\u00f3n del tratamiento en ciertos casos, como si impugna su exactitud o se opone a su uso);<\/li>\n<li><strong>Derecho a la portabilidad de los datos<\/strong> (cuando el tratamiento se base en el consentimiento o en un contrato y se realice por medios automatizados, el titular puede solicitar sus datos en un formato estructurado y pedir que se transfieran a otro responsable del tratamiento);<\/li>\n<li><strong>Derecho de oposici\u00f3n<\/strong> (el titular puede oponerse al tratamiento de sus datos en cualquier momento, particularmente cuando se base en el inter\u00e9s leg\u00edtimo);<\/li>\n<li><strong>Derecho a no estar sujeto a decisiones autom\u00e1ticas individuales<\/strong> (el titular de los datos tiene derecho a solicitar la intervenci\u00f3n humana cuando las decisiones se basen \u00fanicamente en el tratamiento automatizado);<\/li>\n<li><strong>Derecho a retirar su consentimiento<\/strong> (el titular de los datos puede retirar su consentimiento en cualquier momento para el tratamiento de sus datos personales);<\/li>\n<li><strong>Derecho a presentar una reclamaci\u00f3n<\/strong> ante la Comisi\u00f3n Nacional de Protecci\u00f3n de Datos sobre cualquier asunto relacionado con el tratamiento de sus datos personales.<\/li>\n<\/ul>\n<p>Para ejercer cualquiera de estos derechos o resolver cuestiones relacionadas con la privacidad y protecci\u00f3n de datos personales, el titular puede ponerse en contacto con GWIC a trav\u00e9s de los siguientes canales:<\/p>\n<ul>\n<li>Correo electr\u00f3nico: sgq@gwicgroup.com;<\/li>\n<li>Correo postal: GWIC Group Lda, Rua dos Lus\u00edadas n\u00ba 9 \u2013 2\u00ba Dto. 1300-365 Lisboa.<\/li>\n<\/ul>\n<p><strong>Medidas de Seguridad<\/strong><\/p>\n<p>GWIC dispone de medidas t\u00e9cnicas y organizativas de seguridad que garantizan la protecci\u00f3n de los datos personales contra violaciones de seguridad (\u201cviolaci\u00f3n de datos personales\u201d: cualquier incumplimiento de la seguridad que provoque, de manera accidental o ilegal, la destrucci\u00f3n, p\u00e9rdida, alteraci\u00f3n, divulgaci\u00f3n no autorizada o acceso a los datos personales transmitidos, almacenados o tratados) y contra cualquier otra forma de tratamiento il\u00edcito.<\/p>\n<p>Adem\u00e1s, siempre que los datos personales sean transmitidos a otras entidades, estas estar\u00e1n obligadas a adoptar medidas t\u00e9cnicas y organizativas que garanticen el mismo nivel de protecci\u00f3n.<\/p>\n<p><strong>Comunicaci\u00f3n de Datos Personales a Otras Entidades<\/strong><\/p>\n<p>En el ejercicio de su actividad, GWIC puede necesitar comunicar o permitir el acceso a los datos personales a otras entidades, asegurando siempre que presenten medidas t\u00e9cnicas y organizativas adecuadas para proteger los datos personales. Los datos personales solo ser\u00e1n accesibles o compartidos con las siguientes entidades:<\/p>\n<ul>\n<li>Entidades que presten servicios a GWIC, como soporte inform\u00e1tico, gesti\u00f3n documental, asesoramiento jur\u00eddico, recursos humanos;<\/li>\n<li>Empresas con las que GWIC tenga acuerdos de colaboraci\u00f3n;<\/li>\n<li>Autoridades p\u00fablicas (como la Autoridad Tributaria y Aduanera).<\/li>\n<\/ul>\n<p><strong>Informaci\u00f3n Adicional<\/strong><\/p>\n<p>Si lo desea, el titular de los datos puede obtener informaci\u00f3n detallada sobre privacidad y tratamiento de datos personales enviando un correo electr\u00f3nico a info@gwicgroup.com. La pol\u00edtica de privacidad de GWIC puede ser objeto de modificaciones en cualquier momento. En tal caso, los cambios se anunciar\u00e1n y publicar\u00e1n en el sitio web: <a href=\"http:\/\/www.gwicgroup.com\">www.gwicgroup.com<\/a>.<\/p>\n\t\t\t\t\t\t\t\t<\/div>\n\t\t\t\t\t<\/div>\n\t\t\t\t<\/div>\n\t\t\t\t<\/div>\n\t\t","protected":false},"excerpt":{"rendered":"","protected":false},"author":1,"featured_media":8312,"parent":0,"menu_order":20,"comment_status":"closed","ping_status":"closed","template":"","meta":{"_acf_changed":false,"footnotes":""},"categories":[],"class_list":["post-10848","page","type-page","status-publish","has-post-thumbnail","hentry"],"acf":[],"_links":{"self":[{"href":"https:\/\/www.gwicgroup.com\/es\/wp-json\/wp\/v2\/pages\/10848","targetHints":{"allow":["GET"]}}],"collection":[{"href":"https:\/\/www.gwicgroup.com\/es\/wp-json\/wp\/v2\/pages"}],"about":[{"href":"https:\/\/www.gwicgroup.com\/es\/wp-json\/wp\/v2\/types\/page"}],"author":[{"embeddable":true,"href":"https:\/\/www.gwicgroup.com\/es\/wp-json\/wp\/v2\/users\/1"}],"replies":[{"embeddable":true,"href":"https:\/\/www.gwicgroup.com\/es\/wp-json\/wp\/v2\/comments?post=10848"}],"version-history":[{"count":2,"href":"https:\/\/www.gwicgroup.com\/es\/wp-json\/wp\/v2\/pages\/10848\/revisions"}],"predecessor-version":[{"id":10850,"href":"https:\/\/www.gwicgroup.com\/es\/wp-json\/wp\/v2\/pages\/10848\/revisions\/10850"}],"wp:featuredmedia":[{"embeddable":true,"href":"https:\/\/www.gwicgroup.com\/es\/wp-json\/wp\/v2\/media\/8312"}],"wp:attachment":[{"href":"https:\/\/www.gwicgroup.com\/es\/wp-json\/wp\/v2\/media?parent=10848"}],"wp:term":[{"taxonomy":"category","embeddable":true,"href":"https:\/\/www.gwicgroup.com\/es\/wp-json\/wp\/v2\/categories?post=10848"}],"curies":[{"name":"wp","href":"https:\/\/api.w.org\/{rel}","templated":true}]}}