{"id":11177,"date":"2023-12-19T02:03:13","date_gmt":"2023-12-19T02:03:13","guid":{"rendered":"https:\/\/www.gwicgroup.com\/?page_id=11177"},"modified":"2024-11-29T13:04:58","modified_gmt":"2024-11-29T13:04:58","slug":"sobre-gwic","status":"publish","type":"page","link":"https:\/\/www.gwicgroup.com\/es\/sobre-gwic\/","title":{"rendered":"Sobre GWIC"},"content":{"rendered":"\t\t<div data-elementor-type=\"wp-page\" data-elementor-id=\"11177\" class=\"elementor elementor-11177 elementor-966\" data-elementor-post-type=\"page\">\n\t\t\t\t<div class=\"elementor-element elementor-element-25eb7434 e-con-full e-flex wpr-particle-no wpr-jarallax-no wpr-parallax-no wpr-sticky-section-no wpr-equal-height-no e-con e-parent\" data-id=\"25eb7434\" data-element_type=\"container\" data-e-type=\"container\" data-settings=\"{&quot;background_background&quot;:&quot;classic&quot;}\">\n\t\t<div class=\"elementor-element elementor-element-7d3b5cd7 e-con-full e-flex wpr-particle-no wpr-jarallax-no wpr-parallax-no wpr-sticky-section-no wpr-equal-height-no elementor-invisible e-con e-child\" data-id=\"7d3b5cd7\" data-element_type=\"container\" data-e-type=\"container\" data-settings=\"{&quot;background_background&quot;:&quot;classic&quot;,&quot;animation&quot;:&quot;slideInLeft&quot;,&quot;animation_tablet&quot;:&quot;fadeIn&quot;,&quot;animation_delay&quot;:0}\">\n\t\t<div class=\"elementor-element elementor-element-3a241b5f e-con-full e-flex wpr-particle-no wpr-jarallax-no wpr-parallax-no wpr-sticky-section-no wpr-equal-height-no e-con e-child\" data-id=\"3a241b5f\" data-element_type=\"container\" data-e-type=\"container\">\n\t\t\t\t<div class=\"elementor-element elementor-element-8c4ba7c elementor-widget__width-initial elementor-widget elementor-widget-text-editor\" data-id=\"8c4ba7c\" data-element_type=\"widget\" data-e-type=\"widget\" data-widget_type=\"text-editor.default\">\n\t\t\t\t\t\t\t\t\tENGINEERING THE FUTURE\t\t\t\t\t\t\t\t<\/div>\n\t\t\t\t<div class=\"elementor-element elementor-element-48788b7 elementor-widget elementor-widget-text-editor\" data-id=\"48788b7\" data-element_type=\"widget\" data-e-type=\"widget\" data-widget_type=\"text-editor.default\">\n\t\t\t\t\t\t\t\t\t<p>GWIC es una empresa de consultor\u00eda con alcance global que apoya a entidades p\u00fablicas y privadas en la planificaci\u00f3n, desarrollo y gesti\u00f3n de proyectos de ingenier\u00eda en todo el mundo. Con un compromiso inquebrantable con la excelencia t\u00e9cnica y la innovaci\u00f3n, ofrecemos una gama completa de servicios dise\u00f1ados para superar los desaf\u00edos \u00fanicos de cada proyecto, proporcionando soluciones que aportan valor y garantizan resultados exitosos.<\/p>\n\t\t\t\t\t\t\t\t<\/div>\n\t\t\t\t<\/div>\n\t\t<div class=\"elementor-element elementor-element-8a5c5e2 e-con-full e-flex wpr-particle-no wpr-jarallax-no wpr-parallax-no wpr-sticky-section-no wpr-equal-height-no elementor-invisible e-con e-child\" data-id=\"8a5c5e2\" data-element_type=\"container\" data-e-type=\"container\" data-settings=\"{&quot;animation&quot;:&quot;fadeIn&quot;,&quot;animation_delay&quot;:400}\">\n\t\t\t\t<div class=\"elementor-element elementor-element-718747b elementor-widget elementor-widget-heading\" data-id=\"718747b\" data-element_type=\"widget\" data-e-type=\"widget\" data-settings=\"{&quot;_animation&quot;:&quot;none&quot;}\" data-widget_type=\"heading.default\">\n\t\t\t\t\t<h1 class=\"elementor-heading-title elementor-size-default\">Nuestra Misi\u00f3n<\/h1>\t\t\t\t<\/div>\n\t\t\t\t<div class=\"elementor-element elementor-element-8cfaaae elementor-widget elementor-widget-text-editor\" data-id=\"8cfaaae\" data-element_type=\"widget\" data-e-type=\"widget\" data-widget_type=\"text-editor.default\">\n\t\t\t\t\t\t\t\t\t<p>En GWIC, nuestra misi\u00f3n es crear soluciones de ingenier\u00eda y gesti\u00f3n de proyectos que no solo satisfagan las necesidades de nuestros clientes, sino que tambi\u00e9n optimicen recursos, reduzcan costos y cumplan con plazos rigurosos. Creemos en la construcci\u00f3n de asociaciones duraderas, y es con esta visi\u00f3n que nuestro equipo altamente experimentado, din\u00e1mico y multidisciplinario se dedica a cada proyecto, garantizando un est\u00e1ndar de calidad que supera las expectativas.<\/p>\n\t\t\t\t\t\t\t\t<\/div>\n\t\t\t\t<div class=\"elementor-element elementor-element-07bae16 elementor-widget elementor-widget-text-editor\" data-id=\"07bae16\" data-element_type=\"widget\" data-e-type=\"widget\" data-widget_type=\"text-editor.default\">\n\t\t\t\t\t\t\t\t\tINNOVACI\u00d3N       DINAMISMO      COMPROMISO\t\t\t\t\t\t\t\t<\/div>\n\t\t\t\t<\/div>\n\t\t\t\t<\/div>\n\t\t<div class=\"elementor-element elementor-element-ac4a755 e-con-full e-flex wpr-particle-no wpr-jarallax-no wpr-parallax-no wpr-sticky-section-no wpr-equal-height-no elementor-invisible e-con e-child\" data-id=\"ac4a755\" data-element_type=\"container\" data-e-type=\"container\" data-settings=\"{&quot;background_background&quot;:&quot;video&quot;,&quot;animation&quot;:&quot;fadeInLeft&quot;,&quot;animation_delay&quot;:400,&quot;background_play_on_mobile&quot;:&quot;yes&quot;,&quot;animation_tablet&quot;:&quot;fadeIn&quot;,&quot;background_video_link&quot;:&quot;https:\\\/\\\/www.youtube.com\\\/watch?v=Qt1fUpSxIes&quot;}\">\n\t\t<div class=\"elementor-background-video-container\">\n\t\t\t\t\t\t\t<div class=\"elementor-background-video-embed\" role=\"presentation\"><\/div>\n\t\t\t\t\t\t<\/div><div class=\"elementor-element elementor-element-7e82c0e e-con-full animated-fast e-flex wpr-particle-no wpr-jarallax-no wpr-parallax-no wpr-sticky-section-no wpr-equal-height-no elementor-invisible e-con e-child\" data-id=\"7e82c0e\" data-element_type=\"container\" data-e-type=\"container\" data-settings=\"{&quot;background_background&quot;:&quot;classic&quot;,&quot;animation&quot;:&quot;slideInRight&quot;,&quot;animation_mobile&quot;:&quot;slideInLeft&quot;,&quot;animation_delay&quot;:1400,&quot;animation_tablet&quot;:&quot;slideInLeft&quot;}\">\n\t\t\t\t<div class=\"elementor-element elementor-element-f8573a5 elementor-widget elementor-widget-text-editor\" data-id=\"f8573a5\" data-element_type=\"widget\" data-e-type=\"widget\" data-widget_type=\"text-editor.default\">\n\t\t\t\t\t\t\t\t\t<p>Con oficinas en Angola, Portugal, Brasil y Costa Rica, y representaciones en Mozambique, S\u00e3o Tom\u00e9 y Pr\u00edncipe, y Guatemala, GWIC ha establecido una presencia s\u00f3lida en varios continentes. Operamos a trav\u00e9s de un sistema integrado de equipos multidisciplinarios, garantizando que cada cliente se beneficie de nuestra vasta experiencia global y de la capacidad de ofrecer soluciones personalizadas e innovadoras, independientemente de la ubicaci\u00f3n del proyecto.<\/p>\n\t\t\t\t\t\t\t\t<\/div>\n\t\t\t\t<\/div>\n\t\t\t\t<div class=\"elementor-element elementor-element-e355d8c elementor-invisible elementor-widget elementor-widget-text-editor\" data-id=\"e355d8c\" data-element_type=\"widget\" data-e-type=\"widget\" data-settings=\"{&quot;_animation&quot;:&quot;fadeIn&quot;,&quot;_animation_delay&quot;:2000}\" data-widget_type=\"text-editor.default\">\n\t\t\t\t\t\t\t\t\tEnfrentamos el futuro con la fortaleza de nuestra experiencia.\t\t\t\t\t\t\t\t<\/div>\n\t\t\t\t<\/div>\n\t\t\t\t<\/div>\n\t\t\t\t<\/div>\n\t\t","protected":false},"excerpt":{"rendered":"","protected":false},"author":1,"featured_media":8543,"parent":0,"menu_order":1,"comment_status":"closed","ping_status":"closed","template":"","meta":{"_acf_changed":false,"footnotes":""},"categories":[],"class_list":["post-11177","page","type-page","status-publish","has-post-thumbnail","hentry"],"acf":[],"_links":{"self":[{"href":"https:\/\/www.gwicgroup.com\/es\/wp-json\/wp\/v2\/pages\/11177","targetHints":{"allow":["GET"]}}],"collection":[{"href":"https:\/\/www.gwicgroup.com\/es\/wp-json\/wp\/v2\/pages"}],"about":[{"href":"https:\/\/www.gwicgroup.com\/es\/wp-json\/wp\/v2\/types\/page"}],"author":[{"embeddable":true,"href":"https:\/\/www.gwicgroup.com\/es\/wp-json\/wp\/v2\/users\/1"}],"replies":[{"embeddable":true,"href":"https:\/\/www.gwicgroup.com\/es\/wp-json\/wp\/v2\/comments?post=11177"}],"version-history":[{"count":11,"href":"https:\/\/www.gwicgroup.com\/es\/wp-json\/wp\/v2\/pages\/11177\/revisions"}],"predecessor-version":[{"id":11351,"href":"https:\/\/www.gwicgroup.com\/es\/wp-json\/wp\/v2\/pages\/11177\/revisions\/11351"}],"wp:featuredmedia":[{"embeddable":true,"href":"https:\/\/www.gwicgroup.com\/es\/wp-json\/wp\/v2\/media\/8543"}],"wp:attachment":[{"href":"https:\/\/www.gwicgroup.com\/es\/wp-json\/wp\/v2\/media?parent=11177"}],"wp:term":[{"taxonomy":"category","embeddable":true,"href":"https:\/\/www.gwicgroup.com\/es\/wp-json\/wp\/v2\/categories?post=11177"}],"curies":[{"name":"wp","href":"https:\/\/api.w.org\/{rel}","templated":true}]}}